{"id":169,"date":"2021-12-23T12:30:20","date_gmt":"2021-12-23T11:30:20","guid":{"rendered":"https:\/\/demosites.royal-elementor-addons.com\/nature-v1\/?page_id=169"},"modified":"2026-01-11T20:16:35","modified_gmt":"2026-01-11T19:16:35","slug":"impressum","status":"publish","type":"page","link":"https:\/\/doctorclever.com\/?page_id=169","title":{"rendered":"Impressum"},"content":{"rendered":"\t\t<div data-elementor-type=\"wp-page\" data-elementor-id=\"169\" class=\"elementor elementor-169\">\n\t\t\t\t\t\t<section class=\"elementor-section elementor-top-section elementor-element elementor-element-3b808b4 elementor-section-boxed elementor-section-height-default elementor-section-height-default wpr-particle-no wpr-jarallax-no wpr-parallax-no wpr-sticky-section-no\" data-id=\"3b808b4\" data-element_type=\"section\" data-settings=\"{&quot;background_background&quot;:&quot;classic&quot;}\">\n\t\t\t\t\t\t\t<div class=\"elementor-background-overlay\"><\/div>\n\t\t\t\t\t\t\t<div class=\"elementor-container elementor-column-gap-default\">\n\t\t\t\t\t<div class=\"elementor-column elementor-col-100 elementor-top-column elementor-element elementor-element-0041891\" data-id=\"0041891\" data-element_type=\"column\">\n\t\t\t<div class=\"elementor-widget-wrap elementor-element-populated\">\n\t\t\t\t\t\t<div class=\"elementor-element elementor-element-3670141 elementor-widget elementor-widget-heading\" data-id=\"3670141\" data-element_type=\"widget\" data-widget_type=\"heading.default\">\n\t\t\t\t\t<h2 class=\"elementor-heading-title elementor-size-default\">Impressum &amp; Datenschutz<\/h2>\t\t\t\t<\/div>\n\t\t\t\t\t<\/div>\n\t\t<\/div>\n\t\t\t\t\t<\/div>\n\t\t<\/section>\n\t\t\t\t<section class=\"elementor-section elementor-top-section elementor-element elementor-element-b3a70f4 elementor-section-boxed elementor-section-height-default elementor-section-height-default wpr-particle-no wpr-jarallax-no wpr-parallax-no wpr-sticky-section-no\" data-id=\"b3a70f4\" data-element_type=\"section\">\n\t\t\t\t\t\t<div class=\"elementor-container elementor-column-gap-default\">\n\t\t\t\t\t<div class=\"elementor-column elementor-col-100 elementor-top-column elementor-element elementor-element-b574533\" data-id=\"b574533\" data-element_type=\"column\">\n\t\t\t<div class=\"elementor-widget-wrap elementor-element-populated\">\n\t\t\t\t<div class=\"elementor-element elementor-element-afdd882 e-flex e-con-boxed wpr-particle-no wpr-jarallax-no wpr-parallax-no wpr-sticky-section-no e-con e-parent\" data-id=\"afdd882\" data-element_type=\"container\">\n\t\t\t\t\t<div class=\"e-con-inner\">\n\t\t\t\t<div class=\"elementor-element elementor-element-bca9c90 elementor-widget elementor-widget-text-editor\" data-id=\"bca9c90\" data-element_type=\"widget\" data-widget_type=\"text-editor.default\">\n\t\t\t\t\t\t\t\t\t<h2 class=\"wp-block-heading\">Anschrift:<\/h2>\n<p><!-- \/wp:heading --><!-- wp:paragraph --><\/p>\n<div>DoctorClever UG (haftungsbeschr\u00e4nkt)<\/div>\n<div>Plieninger Stra\u00dfe 100<\/div>\n<div>70567 Stuttgart-M\u00f6hringen<\/div>\n<div>Deutschland<\/div>\n<div>\u00a0<\/div>\n<div>Vertreten durch die Gesch\u00e4ftsf\u00fchrer:<\/div>\n<div>Dr. Patrick Elberth<\/div>\n<div>Alper Sen<br \/><br \/><\/div>\n<div>E-Mail: info@doctorclever.com<\/div>\n<div>\u00a0<\/div>\n<p><!-- \/wp:paragraph --><\/p>\t\t\t\t\t\t\t\t<\/div>\n\t\t\t\t\t<\/div>\n\t\t\t\t<\/div>\n\t\t<div class=\"elementor-element elementor-element-2555d26 e-flex e-con-boxed wpr-particle-no wpr-jarallax-no wpr-parallax-no wpr-sticky-section-no e-con e-parent\" data-id=\"2555d26\" data-element_type=\"container\">\n\t\t\t\t\t<div class=\"e-con-inner\">\n\t\t\t\t<div class=\"elementor-element elementor-element-1e185e8 elementor-widget elementor-widget-text-editor\" data-id=\"1e185e8\" data-element_type=\"widget\" data-widget_type=\"text-editor.default\">\n\t\t\t\t\t\t\t\t\t<h2>Haftungssauschluss:<\/h2>\n<div>\u00a0<\/div>\n<div><strong>Haftung f\u00fcr Inhalte<\/strong><\/div>\n<div>\u00a0<\/div>\n<div>Die Inhalte dieser Website wurden mit gr\u00f6\u00dfter Sorgfalt erstellt. F\u00fcr die Richtigkeit, Vollst\u00e4ndigkeit und Aktualit\u00e4t der Inhalte k\u00f6nnen wir jedoch keine Gew\u00e4hr \u00fcbernehmen.<\/div>\n<div>\u00a0<\/div>\n<div><strong>Haftung f\u00fcr Links<\/strong><\/div>\n<div>\u00a0<\/div>\n<div>Unsere Website enth\u00e4lt Links zu externen Webseiten Dritter, auf deren Inhalte wir keinen Einfluss haben. Deshalb \u00fcbernehmen wir f\u00fcr diese fremden Inhalte keine Gew\u00e4hr. F\u00fcr die Inhalte der verlinkten Seiten ist stets der jeweilige Anbieter oder Betreiber verantwortlich.<\/div>\n<div>\u00a0<\/div>\n<div>\u00a0<\/div>\n<h2>Urheberrecht<\/h2>\n<div>Die auf dieser Website erstellten Inhalte und Werke unterliegen dem deutschen Urheberrecht. Eine Vervielf\u00e4ltigung oder Nutzung ist ohne vorherige schriftliche Zustimmung der DoctorClever UG nicht gestattet.<\/div>\n<div>\u00a0<\/div>\n<div>Online-Streitbeilegung gem\u00e4\u00df Art. 14 ODR-VO<\/div>\n<div>\u00a0<\/div>\n<div>Die Europ\u00e4ische Kommission stellt eine Plattform zur Online-Streitbeilegung bereit:<\/div>\n<div><a href=\"https:\/\/deref-gmx.net\/mail\/client\/rLHwhrpqXmo\/dereferrer\/?redirectUrl=https%3A%2F%2Fec.europa.eu%2Fconsumers%2Fodr%2F\" target=\"_blank\" rel=\"noopener\">https:\/\/ec.europa.eu\/consumers\/odr\/<\/a><\/div>\n<div>Wir sind nicht bereit und nicht verpflichtet, an Streitbeilegungsverfahren vor einer Verbraucherschlichtungsstelle teilzunehmen.<\/div>\n<div>\u00a0<\/div>\n<div>\n<h2 class=\"wp-block-heading\">Datenschutzerkl\u00e4rung:<\/h2>\n<\/div>\n<div>\u00a0<\/div>\n<div><strong>1. Verantwortlicher<\/strong><\/div>\n<div>\u00a0<\/div>\n<div>DoctorClever UG (haftungsbeschr\u00e4nkt)<\/div>\n<div>Plieninger Stra\u00dfe 100<\/div>\n<div>70567 Stuttgart-M\u00f6hringen<\/div>\n<div>Deutschland<\/div>\n<div>\u00a0<\/div>\n<div>Gesch\u00e4ftsf\u00fchrer: Dr. Patrick Elberth, Alper Sen<\/div>\n<div>\u00a0<\/div>\n<div>\n<div>E-Mail: info@doctorclever.com<\/div>\n<div>\u00a0<\/div>\n<\/div>\n<div>\u00a0<\/div>\n<div><strong>2. Erfassung und Verarbeitung personenbezogener Daten<\/strong><\/div>\n<div>\u00a0<\/div>\n<div>2.1 Beim Besuch der Website<\/div>\n<div>\u00a0<\/div>\n<div>Beim Aufrufen unserer Website werden automatisch Daten vom Browser an den Server gesendet und in Logfiles gespeichert:<\/div>\n<div>\u00a0<\/div>\n<div>IP-Adresse<\/div>\n<div>\u00a0<\/div>\n<div>Datum und Uhrzeit<\/div>\n<div>\u00a0<\/div>\n<div>URL der aufgerufenen Seite<\/div>\n<div>\u00a0<\/div>\n<div>Referrer-URL<\/div>\n<div>\u00a0<\/div>\n<div>Browsertyp und Version<\/div>\n<div>\u00a0<\/div>\n<div>Betriebssystem<\/div>\n<div>\u00a0<\/div>\n<div>\u00a0<\/div>\n<div>Zweck: technische Stabilit\u00e4t, Sicherheit, Optimierung.<\/div>\n<div>Rechtsgrundlage: Art. 6 Abs. 1 lit. f DSGVO.<\/div>\n<div>\u00a0<\/div>\n<div>\u00a0<\/div>\n<div><strong>3. Weitergabe von Daten<\/strong><\/div>\n<div>\u00a0<\/div>\n<div>Eine Weitergabe findet nur statt, wenn:<\/div>\n<div>\u00a0<\/div>\n<div>Sie zugestimmt haben (Art. 6 Abs. 1 lit. a DSGVO)<\/div>\n<div>\u00a0<\/div>\n<div>es zur Vertragserf\u00fcllung notwendig ist (Art. 6 Abs. 1 lit. b DSGVO)<\/div>\n<div>\u00a0<\/div>\n<div>eine gesetzliche Pflicht besteht (Art. 6 Abs. 1 lit. c DSGVO)<\/div>\n<div>\u00a0<\/div>\n<div>wir ein berechtigtes Interesse haben (Art. 6 Abs. 1 lit. f DSGVO)<\/div>\n<div>\u00a0<\/div>\n<div>\u00a0<\/div>\n<div>Kein Verkauf personenbezogener Daten.<\/div>\n<div>\u00a0<\/div>\n<div>\u00a0<\/div>\n<div><strong>4. Cookies<\/strong><\/div>\n<div>\u00a0<\/div>\n<div>Unsere Website kann Cookies einsetzen.<\/div>\n<div>\u00a0<\/div>\n<div>Notwendige Cookies (ohne Einwilligung)<\/div>\n<div>\u00a0<\/div>\n<div>Analyse-\/Marketing-Cookies (mit Einwilligung)<\/div>\n<div>\u00a0<\/div>\n<div>\u00a0<\/div>\n<div>Rechtsgrundlage:<\/div>\n<div>\u00a0<\/div>\n<div>Art. 6 Abs. 1 lit. f DSGVO (technisch notwendig)<\/div>\n<div>\u00a0<\/div>\n<div>Art. 6 Abs. 1 lit. a DSGVO (Einwilligung)<\/div>\n<div>\u00a0<\/div>\n<div>\u00a0<\/div>\n<p><strong>5. Kontaktaufnahme<\/strong><\/p>\n<div>\u00a0<\/div>\n<div>Bei Kontakt per Formular oder E-Mail werden deine Angaben zur Bearbeitung der Anfrage gespeichert.<\/div>\n<div>\u00a0<\/div>\n<div>Rechtsgrundlage:<\/div>\n<div>\u00a0<\/div>\n<div>Art. 6 Abs. 1 lit. b DSGVO<\/div>\n<div>\u00a0<\/div>\n<div>Art. 6 Abs. 1 lit. f DSGVO<\/div>\n<div>\u00a0<\/div>\n<div>\u00a0<\/div>\n<div><strong>6. Betroffenenrechte<\/strong><\/div>\n<div>\u00a0<\/div>\n<div>Du hast jederzeit:<\/div>\n<div>\u00a0<\/div>\n<div>Recht auf Auskunft (Art. 15 DSGVO)<\/div>\n<div>\u00a0<\/div>\n<div>Recht auf Berichtigung (Art. 16 DSGVO)<\/div>\n<div>\u00a0<\/div>\n<div>Recht auf L\u00f6schung (Art. 17 DSGVO)<\/div>\n<div>\u00a0<\/div>\n<div>Recht auf Einschr\u00e4nkung (Art. 18 DSGVO)<\/div>\n<div>\u00a0<\/div>\n<div>Recht auf Daten\u00fcbertragbarkeit (Art. 20 DSGVO)<\/div>\n<div>\u00a0<\/div>\n<div>Recht auf Widerspruch (Art. 21 DSGVO)<\/div>\n<div>\u00a0<\/div>\n<div>Recht auf Widerruf einer Einwilligung (Art. 7 Abs. 3 DSGVO)<\/div>\n<div>\u00a0<\/div>\n<div>\u00a0<\/div>\n<div><strong>7. Beschwerderecht<\/strong><\/div>\n<div>\u00a0<\/div>\n<div>Zust\u00e4ndige Aufsichtsbeh\u00f6rde:<\/div>\n<div>\u00a0<\/div>\n<div>Landesbeauftragte f\u00fcr den Datenschutz und die Informationsfreiheit Baden-W\u00fcrttemberg<\/div>\n<div>K\u00f6nigstra\u00dfe 10a<\/div>\n<div>70173 Stuttgart<\/div>\n<div>\u00a0<\/div>\n<div>\u00a0<\/div>\n<div><strong>8. Datensicherheit<\/strong><\/div>\n<div>\u00a0<\/div>\n<div>Wir verwenden SSL-Verschl\u00fcsselung und angemessene technische und organisatorische Ma\u00dfnahmen zur Datensicherheit.<\/div>\n<div>\u00a0<\/div>\n<div>\u00a0<\/div>\n<div><strong>9. Speicherdauer<\/strong><\/div>\n<div>\u00a0<\/div>\n<div>Daten werden nur so lange gespeichert, wie es zur Erf\u00fcllung des Zwecks oder aufgrund gesetzlicher Vorgaben notwendig ist.<\/div>\n<div>\u00a0<\/div>\n<div>\u00a0<\/div>\n<div><strong>10. \u00c4nderungen dieser Erkl\u00e4rung<\/strong><\/div>\n<div>\u00a0<\/div>\n<div>Diese Datenschutzerkl\u00e4rung wird bei Bedarf aktualisiert und an neue gesetzliche Vorgaben angepasst.<\/div>\n<p><!-- \/wp:paragraph --><\/p>\t\t\t\t\t\t\t\t<\/div>\n\t\t\t\t\t<\/div>\n\t\t\t\t<\/div>\n\t\t\t\t\t<\/div>\n\t\t<\/div>\n\t\t\t\t\t<\/div>\n\t\t<\/section>\n\t\t\t\t<\/div>\n\t\t","protected":false},"excerpt":{"rendered":"<p>Impressum &amp; Datenschutz Anschrift: DoctorClever UG (haftungsbeschr\u00e4nkt) Plieninger Stra\u00dfe 100 70567 Stuttgart-M\u00f6hringen Deutschland \u00a0 Vertreten durch die Gesch\u00e4ftsf\u00fchrer: Dr. Patrick Elberth Alper Sen E-Mail: info@doctorclever.com \u00a0 Haftungssauschluss: \u00a0 Haftung f\u00fcr Inhalte \u00a0 Die Inhalte dieser Website wurden mit gr\u00f6\u00dfter Sorgfalt erstellt. F\u00fcr die Richtigkeit, Vollst\u00e4ndigkeit und Aktualit\u00e4t der Inhalte k\u00f6nnen wir jedoch keine Gew\u00e4hr \u00fcbernehmen. \u00a0 Haftung f\u00fcr Links \u00a0 Unsere Website enth\u00e4lt Links zu externen Webseiten Dritter, auf deren Inhalte wir keinen Einfluss haben. Deshalb \u00fcbernehmen wir f\u00fcr diese fremden Inhalte keine Gew\u00e4hr. F\u00fcr die Inhalte der verlinkten Seiten ist stets der jeweilige Anbieter oder Betreiber verantwortlich. \u00a0 \u00a0 Urheberrecht Die auf dieser Website erstellten Inhalte und Werke unterliegen dem deutschen Urheberrecht. Eine Vervielf\u00e4ltigung oder Nutzung ist ohne vorherige schriftliche Zustimmung der DoctorClever UG nicht gestattet. \u00a0 Online-Streitbeilegung gem\u00e4\u00df Art. 14 ODR-VO \u00a0 Die Europ\u00e4ische Kommission stellt eine Plattform zur Online-Streitbeilegung bereit: https:\/\/ec.europa.eu\/consumers\/odr\/ Wir sind nicht bereit und nicht verpflichtet, an Streitbeilegungsverfahren vor einer Verbraucherschlichtungsstelle teilzunehmen. \u00a0 Datenschutzerkl\u00e4rung: \u00a0 1. Verantwortlicher \u00a0 DoctorClever UG (haftungsbeschr\u00e4nkt) Plieninger Stra\u00dfe 100 70567 Stuttgart-M\u00f6hringen Deutschland \u00a0 Gesch\u00e4ftsf\u00fchrer: Dr. Patrick Elberth, Alper Sen \u00a0 E-Mail: info@doctorclever.com \u00a0 \u00a0 2. Erfassung und Verarbeitung personenbezogener Daten \u00a0 2.1 Beim Besuch der Website \u00a0 Beim Aufrufen unserer Website werden automatisch Daten vom Browser an den Server gesendet und in Logfiles gespeichert: \u00a0 IP-Adresse \u00a0 Datum und Uhrzeit \u00a0 URL der aufgerufenen Seite \u00a0 Referrer-URL \u00a0 Browsertyp und Version \u00a0 Betriebssystem \u00a0 \u00a0 Zweck: technische Stabilit\u00e4t, Sicherheit, Optimierung. Rechtsgrundlage: Art. 6 Abs. 1 lit. f DSGVO. \u00a0 \u00a0 3. Weitergabe von Daten \u00a0 Eine Weitergabe findet nur statt, wenn: \u00a0 Sie zugestimmt haben (Art. 6 Abs. 1 lit. a DSGVO) \u00a0 es zur Vertragserf\u00fcllung notwendig ist (Art. 6 Abs. 1 lit. b DSGVO) \u00a0 eine gesetzliche Pflicht besteht (Art. 6 Abs. 1 lit. c DSGVO) \u00a0 wir ein berechtigtes Interesse haben (Art. 6 Abs. 1 lit. f DSGVO) \u00a0 \u00a0 Kein Verkauf personenbezogener Daten. \u00a0 \u00a0 4. Cookies \u00a0 Unsere Website kann Cookies einsetzen. \u00a0 Notwendige Cookies (ohne Einwilligung) \u00a0 Analyse-\/Marketing-Cookies (mit Einwilligung) \u00a0 \u00a0 Rechtsgrundlage: \u00a0 Art. 6 Abs. 1 lit. f DSGVO (technisch notwendig) \u00a0 Art. 6 Abs. 1 lit. a DSGVO (Einwilligung) \u00a0 \u00a0 5. Kontaktaufnahme \u00a0 Bei Kontakt per Formular oder E-Mail werden deine Angaben zur Bearbeitung der Anfrage gespeichert. \u00a0 Rechtsgrundlage: \u00a0 Art. 6 Abs. 1 lit. b DSGVO \u00a0 Art. 6 Abs. 1 lit. f DSGVO \u00a0 \u00a0 6. Betroffenenrechte \u00a0 Du hast jederzeit: \u00a0 Recht auf Auskunft (Art. 15 DSGVO) \u00a0 Recht auf Berichtigung (Art. 16 DSGVO) \u00a0 Recht auf L\u00f6schung (Art. 17 DSGVO) \u00a0 Recht auf Einschr\u00e4nkung (Art. 18 DSGVO) \u00a0 Recht auf Daten\u00fcbertragbarkeit (Art. 20 DSGVO) \u00a0 Recht auf Widerspruch (Art. 21 DSGVO) \u00a0 Recht auf Widerruf einer Einwilligung (Art. 7 Abs. 3 DSGVO) \u00a0 \u00a0 7. Beschwerderecht \u00a0 Zust\u00e4ndige Aufsichtsbeh\u00f6rde: \u00a0 Landesbeauftragte f\u00fcr den Datenschutz und die Informationsfreiheit Baden-W\u00fcrttemberg K\u00f6nigstra\u00dfe 10a 70173 Stuttgart \u00a0 \u00a0 8. Datensicherheit \u00a0 Wir verwenden SSL-Verschl\u00fcsselung und angemessene technische und organisatorische Ma\u00dfnahmen zur Datensicherheit. \u00a0 \u00a0 9. Speicherdauer \u00a0 Daten werden nur so lange gespeichert, wie es zur Erf\u00fcllung des Zwecks oder aufgrund gesetzlicher Vorgaben notwendig ist. \u00a0 \u00a0 10. \u00c4nderungen dieser Erkl\u00e4rung \u00a0 Diese Datenschutzerkl\u00e4rung wird bei Bedarf aktualisiert und an neue gesetzliche Vorgaben angepasst.<\/p>\n","protected":false},"author":1,"featured_media":0,"parent":0,"menu_order":0,"comment_status":"closed","ping_status":"closed","template":"elementor_canvas","meta":{"footnotes":""},"class_list":["post-169","page","type-page","status-publish","hentry"],"_links":{"self":[{"href":"https:\/\/doctorclever.com\/index.php?rest_route=\/wp\/v2\/pages\/169","targetHints":{"allow":["GET"]}}],"collection":[{"href":"https:\/\/doctorclever.com\/index.php?rest_route=\/wp\/v2\/pages"}],"about":[{"href":"https:\/\/doctorclever.com\/index.php?rest_route=\/wp\/v2\/types\/page"}],"author":[{"embeddable":true,"href":"https:\/\/doctorclever.com\/index.php?rest_route=\/wp\/v2\/users\/1"}],"replies":[{"embeddable":true,"href":"https:\/\/doctorclever.com\/index.php?rest_route=%2Fwp%2Fv2%2Fcomments&post=169"}],"version-history":[{"count":44,"href":"https:\/\/doctorclever.com\/index.php?rest_route=\/wp\/v2\/pages\/169\/revisions"}],"predecessor-version":[{"id":1961,"href":"https:\/\/doctorclever.com\/index.php?rest_route=\/wp\/v2\/pages\/169\/revisions\/1961"}],"wp:attachment":[{"href":"https:\/\/doctorclever.com\/index.php?rest_route=%2Fwp%2Fv2%2Fmedia&parent=169"}],"curies":[{"name":"wp","href":"https:\/\/api.w.org\/{rel}","templated":true}]}}